{"id":60,"date":"2020-10-15T20:07:48","date_gmt":"2020-10-15T20:07:48","guid":{"rendered":"https:\/\/borkowski.it\/?page_id=60"},"modified":"2022-09-26T15:03:13","modified_gmt":"2022-09-26T15:03:13","slug":"o-mnie","status":"publish","type":"page","link":"https:\/\/borkowski.it\/","title":{"rendered":""},"content":{"rendered":"\n<h1 class=\"wp-block-heading\"><strong>O mnie<\/strong><\/h1>\n\n\n\n<p>Jestem architektem rozwi\u0105za\u0144 infrastrukturalnych, z du\u017cym do\u015bwiadczeniem technicznym, skoncentrowanym na rozwi\u0105zaniach <br>z zakresu Cloud, Data Center i Security. Jestem odpowiedzialny za wsparcie techniczne dla zespo\u0142\u00f3w sprzeda\u017cowych i projektowanie zaawansowanych rozwi\u0105za\u0144 teleinformatycznych. Zajmuj\u0119 si\u0119 kompleksowo szerokim spektrum infrastruktury IT, od warstwy sprz\u0119towej w aspekcie elementarnym do szeroko rozumianego obszaru system\u00f3w operacyjnych <br>i infrastrukturalnych, w ca\u0142ym cyklu \u017cycia rozwi\u0105zania, od projektu, poprzez wdro\u017cenie, a\u017c po rozbudow\u0119 i optymalizacj\u0119.&nbsp;<br>\u25aa Odpowiadam za analiz\u0119 potrzeb i wymaga\u0144, wyb\u00f3r i optymalizacj\u0119 rozwi\u0105za\u0144 w zakresie Data Center \/ Security \/ Networking, zw\u0142aszcza <br>w obszarze serwer\u00f3w, wirtualizacji, chmury obliczeniowej i pami\u0119ci masowej.<br>\u25aa Projektuj\u0119 rozwi\u0105zania techniczne i koncepcje zintegrowanych rozwi\u0105za\u0144 teleinformatycznych, a tak\u017ce przygotowuj\u0119 dokumentacj\u0119 na poziomie technicznym dla realizowanych projekt\u00f3w.<br>\u25aa Wspieram proces sprzeda\u017cy, zapewniaj\u0105c wysoki poziom wiedzy technicznej niezb\u0119dnej do optymalnego budowania kompleksowych rozwi\u0105za\u0144.<br>\u25aa Przygotowuj\u0119 prezentacje techniczne dla klient\u00f3w i wsp\u00f3\u0142pracownik\u00f3w, prowadz\u0119 warsztaty z szerokiego wachlarza rozwi\u0105za\u0144 dla centr\u00f3w danych.<br>\u25aa Stale wsp\u00f3\u0142pracuj\u0119 z wiod\u0105cymi dostawcami i dystrybutorami w zakresie przygotowywania rozwi\u0105za\u0144 niestandardowych.<\/p>\n\n\n\n<div style=\"height:20px\" aria-hidden=\"true\" class=\"wp-block-spacer\"><\/div>\n\n\n\n<hr class=\"wp-block-separator has-css-opacity\"\/>\n\n\n\n<div style=\"height:20px\" aria-hidden=\"true\" class=\"wp-block-spacer\"><\/div>\n\n\n\n<h1 class=\"wp-block-heading\">Kontakt: <\/h1>\n\n\n\n<ul class=\"wp-block-social-links is-layout-flex wp-block-social-links-is-layout-flex\"><li class=\"wp-social-link wp-social-link-linkedin  wp-block-social-link\"><a href=\"https:\/\/www.linkedin.com\/in\/krzysztof-borkowski\/\" class=\"wp-block-social-link-anchor\"><svg width=\"24\" height=\"24\" viewBox=\"0 0 24 24\" version=\"1.1\" xmlns=\"http:\/\/www.w3.org\/2000\/svg\" aria-hidden=\"true\" focusable=\"false\"><path d=\"M19.7,3H4.3C3.582,3,3,3.582,3,4.3v15.4C3,20.418,3.582,21,4.3,21h15.4c0.718,0,1.3-0.582,1.3-1.3V4.3 C21,3.582,20.418,3,19.7,3z M8.339,18.338H5.667v-8.59h2.672V18.338z M7.004,8.574c-0.857,0-1.549-0.694-1.549-1.548 c0-0.855,0.691-1.548,1.549-1.548c0.854,0,1.547,0.694,1.547,1.548C8.551,7.881,7.858,8.574,7.004,8.574z M18.339,18.338h-2.669 v-4.177c0-0.996-0.017-2.278-1.387-2.278c-1.389,0-1.601,1.086-1.601,2.206v4.249h-2.667v-8.59h2.559v1.174h0.037 c0.356-0.675,1.227-1.387,2.526-1.387c2.703,0,3.203,1.779,3.203,4.092V18.338z\"><\/path><\/svg><span class=\"wp-block-social-link-label screen-reader-text\">LinkedIn<\/span><\/a><\/li><\/ul>\n\n\n\n<div style=\"height:23px\" aria-hidden=\"true\" class=\"wp-block-spacer\"><\/div>\n\n\n\n<hr class=\"wp-block-separator has-css-opacity\"\/>\n","protected":false},"excerpt":{"rendered":"<div class=\"entry-summary\">\nO mnie Jestem architektem rozwi\u0105za\u0144 infrastrukturalnych, z du\u017cym do\u015bwiadczeniem technicznym, skoncentrowanym na rozwi\u0105zaniach z zakresu Cloud, Data Center i Security. Jestem odpowiedzialny za wsparcie techniczne dla zespo\u0142\u00f3w sprzeda\u017cowych i projektowanie zaawansowanych rozwi\u0105za\u0144 teleinformatycznych. Zajmuj\u0119 si\u0119 kompleksowo szerokim spektrum infrastruktury IT, od warstwy sprz\u0119towej w aspekcie elementarnym do szeroko rozumianego obszaru system\u00f3w operacyjnych i infrastrukturalnych, w&hellip;\n<\/div>\n<div class=\"link-more\"><a href=\"https:\/\/borkowski.it\/\" class=\"more-link\">Continue reading&hellip;<\/a><\/div>\n","protected":false},"author":1,"featured_media":0,"parent":0,"menu_order":0,"comment_status":"closed","ping_status":"closed","template":"","meta":{"footnotes":""},"class_list":["post-60","page","type-page","status-publish","hentry","entry"],"_links":{"self":[{"href":"https:\/\/borkowski.it\/index.php\/wp-json\/wp\/v2\/pages\/60","targetHints":{"allow":["GET"]}}],"collection":[{"href":"https:\/\/borkowski.it\/index.php\/wp-json\/wp\/v2\/pages"}],"about":[{"href":"https:\/\/borkowski.it\/index.php\/wp-json\/wp\/v2\/types\/page"}],"author":[{"embeddable":true,"href":"https:\/\/borkowski.it\/index.php\/wp-json\/wp\/v2\/users\/1"}],"replies":[{"embeddable":true,"href":"https:\/\/borkowski.it\/index.php\/wp-json\/wp\/v2\/comments?post=60"}],"version-history":[{"count":17,"href":"https:\/\/borkowski.it\/index.php\/wp-json\/wp\/v2\/pages\/60\/revisions"}],"predecessor-version":[{"id":185,"href":"https:\/\/borkowski.it\/index.php\/wp-json\/wp\/v2\/pages\/60\/revisions\/185"}],"wp:attachment":[{"href":"https:\/\/borkowski.it\/index.php\/wp-json\/wp\/v2\/media?parent=60"}],"curies":[{"name":"wp","href":"https:\/\/api.w.org\/{rel}","templated":true}]}}